{"id":388,"date":"2026-04-20T18:24:24","date_gmt":"2026-04-20T16:24:24","guid":{"rendered":"https:\/\/ecoleleseauxvives.fr\/?page_id=388"},"modified":"2026-04-20T18:54:12","modified_gmt":"2026-04-20T16:54:12","slug":"portes-ouvertes","status":"publish","type":"page","link":"https:\/\/ecoleleseauxvives.fr\/index.php\/actualites\/portes-ouvertes\/","title":{"rendered":"Portes Ouvertes"},"content":{"rendered":"\n<p>Les portes Ouvertes auront lieu samedi 25 Avril de 9h00 \u00e0 12h00<\/p>\n\n\n\n<figure class=\"wp-block-image size-large\"><img loading=\"lazy\" decoding=\"async\" width=\"724\" height=\"1024\" src=\"https:\/\/ecoleleseauxvives.fr\/wp-content\/uploads\/2026\/04\/Affiche-evenement-journee-portes-ouvertes-ecole-illustratif-1-1-724x1024.png\" alt=\"\" class=\"wp-image-398\" srcset=\"https:\/\/ecoleleseauxvives.fr\/wp-content\/uploads\/2026\/04\/Affiche-evenement-journee-portes-ouvertes-ecole-illustratif-1-1-724x1024.png 724w, https:\/\/ecoleleseauxvives.fr\/wp-content\/uploads\/2026\/04\/Affiche-evenement-journee-portes-ouvertes-ecole-illustratif-1-1-212x300.png 212w, https:\/\/ecoleleseauxvives.fr\/wp-content\/uploads\/2026\/04\/Affiche-evenement-journee-portes-ouvertes-ecole-illustratif-1-1-768x1086.png 768w, https:\/\/ecoleleseauxvives.fr\/wp-content\/uploads\/2026\/04\/Affiche-evenement-journee-portes-ouvertes-ecole-illustratif-1-1-1086x1536.png 1086w, https:\/\/ecoleleseauxvives.fr\/wp-content\/uploads\/2026\/04\/Affiche-evenement-journee-portes-ouvertes-ecole-illustratif-1-1-1448x2048.png 1448w, https:\/\/ecoleleseauxvives.fr\/wp-content\/uploads\/2026\/04\/Affiche-evenement-journee-portes-ouvertes-ecole-illustratif-1-1-247x350.png 247w, https:\/\/ecoleleseauxvives.fr\/wp-content\/uploads\/2026\/04\/Affiche-evenement-journee-portes-ouvertes-ecole-illustratif-1-1-106x150.png 106w, https:\/\/ecoleleseauxvives.fr\/wp-content\/uploads\/2026\/04\/Affiche-evenement-journee-portes-ouvertes-ecole-illustratif-1-1.png 1587w\" sizes=\"auto, (max-width: 724px) 100vw, 724px\" \/><\/figure>\n","protected":false},"excerpt":{"rendered":"<p>Les portes Ouvertes auront lieu samedi 25 Avril de 9h00 \u00e0 12h00 <a class=\"continue-reading-link\" href=\"https:\/\/ecoleleseauxvives.fr\/index.php\/actualites\/portes-ouvertes\/\">Continue reading<\/a><\/p>\n","protected":false},"author":1,"featured_media":0,"parent":42,"menu_order":0,"comment_status":"closed","ping_status":"closed","template":"","meta":{"footnotes":""},"class_list":["post-388","page","type-page","status-publish","hentry"],"yoast_head":"<!-- This site is optimized with the Yoast SEO plugin v27.4 - https:\/\/yoast.com\/product\/yoast-seo-wordpress\/ -->\n<title>Portes Ouvertes - Ecole les Eaux Vives<\/title>\n<meta name=\"robots\" content=\"index, follow, max-snippet:-1, max-image-preview:large, max-video-preview:-1\" \/>\n<link rel=\"canonical\" href=\"https:\/\/ecoleleseauxvives.fr\/index.php\/actualites\/portes-ouvertes\/\" \/>\n<meta property=\"og:locale\" content=\"fr_FR\" \/>\n<meta property=\"og:type\" content=\"article\" \/>\n<meta property=\"og:title\" content=\"Portes Ouvertes - Ecole les Eaux Vives\" \/>\n<meta property=\"og:description\" content=\"Les portes Ouvertes auront lieu samedi 25 Avril de 9h00 \u00e0 12h00 Continue reading\" \/>\n<meta property=\"og:url\" content=\"https:\/\/ecoleleseauxvives.fr\/index.php\/actualites\/portes-ouvertes\/\" \/>\n<meta property=\"og:site_name\" content=\"Ecole les Eaux Vives\" \/>\n<meta property=\"article:modified_time\" content=\"2026-04-20T16:54:12+00:00\" \/>\n<meta property=\"og:image\" content=\"https:\/\/ecoleleseauxvives.fr\/wp-content\/uploads\/2026\/04\/Affiche-evenement-journee-portes-ouvertes-ecole-illustratif-1-1.png\" \/>\n\t<meta property=\"og:image:width\" content=\"1587\" \/>\n\t<meta property=\"og:image:height\" content=\"2245\" \/>\n\t<meta property=\"og:image:type\" content=\"image\/png\" \/>\n<meta name=\"twitter:card\" content=\"summary_large_image\" \/>\n<meta name=\"twitter:label1\" content=\"Dur\u00e9e de lecture estim\u00e9e\" \/>\n\t<meta name=\"twitter:data1\" content=\"1 minute\" \/>\n<script type=\"application\/ld+json\" class=\"yoast-schema-graph\">{\"@context\":\"https:\\\/\\\/schema.org\",\"@graph\":[{\"@type\":\"WebPage\",\"@id\":\"https:\\\/\\\/ecoleleseauxvives.fr\\\/index.php\\\/actualites\\\/portes-ouvertes\\\/\",\"url\":\"https:\\\/\\\/ecoleleseauxvives.fr\\\/index.php\\\/actualites\\\/portes-ouvertes\\\/\",\"name\":\"Portes Ouvertes - Ecole les Eaux Vives\",\"isPartOf\":{\"@id\":\"https:\\\/\\\/ecoleleseauxvives.fr\\\/#website\"},\"primaryImageOfPage\":{\"@id\":\"https:\\\/\\\/ecoleleseauxvives.fr\\\/index.php\\\/actualites\\\/portes-ouvertes\\\/#primaryimage\"},\"image\":{\"@id\":\"https:\\\/\\\/ecoleleseauxvives.fr\\\/index.php\\\/actualites\\\/portes-ouvertes\\\/#primaryimage\"},\"thumbnailUrl\":\"https:\\\/\\\/ecoleleseauxvives.fr\\\/wp-content\\\/uploads\\\/2026\\\/04\\\/Affiche-evenement-journee-portes-ouvertes-ecole-illustratif-1-1-724x1024.png\",\"datePublished\":\"2026-04-20T16:24:24+00:00\",\"dateModified\":\"2026-04-20T16:54:12+00:00\",\"breadcrumb\":{\"@id\":\"https:\\\/\\\/ecoleleseauxvives.fr\\\/index.php\\\/actualites\\\/portes-ouvertes\\\/#breadcrumb\"},\"inLanguage\":\"fr-FR\",\"potentialAction\":[{\"@type\":\"ReadAction\",\"target\":[\"https:\\\/\\\/ecoleleseauxvives.fr\\\/index.php\\\/actualites\\\/portes-ouvertes\\\/\"]}]},{\"@type\":\"ImageObject\",\"inLanguage\":\"fr-FR\",\"@id\":\"https:\\\/\\\/ecoleleseauxvives.fr\\\/index.php\\\/actualites\\\/portes-ouvertes\\\/#primaryimage\",\"url\":\"https:\\\/\\\/ecoleleseauxvives.fr\\\/wp-content\\\/uploads\\\/2026\\\/04\\\/Affiche-evenement-journee-portes-ouvertes-ecole-illustratif-1-1.png\",\"contentUrl\":\"https:\\\/\\\/ecoleleseauxvives.fr\\\/wp-content\\\/uploads\\\/2026\\\/04\\\/Affiche-evenement-journee-portes-ouvertes-ecole-illustratif-1-1.png\",\"width\":1587,\"height\":2245},{\"@type\":\"BreadcrumbList\",\"@id\":\"https:\\\/\\\/ecoleleseauxvives.fr\\\/index.php\\\/actualites\\\/portes-ouvertes\\\/#breadcrumb\",\"itemListElement\":[{\"@type\":\"ListItem\",\"position\":1,\"name\":\"Accueil\",\"item\":\"https:\\\/\\\/ecoleleseauxvives.fr\\\/\"},{\"@type\":\"ListItem\",\"position\":2,\"name\":\"Actualit\u00e9s\",\"item\":\"https:\\\/\\\/ecoleleseauxvives.fr\\\/index.php\\\/actualites\\\/\"},{\"@type\":\"ListItem\",\"position\":3,\"name\":\"Portes Ouvertes\"}]},{\"@type\":\"WebSite\",\"@id\":\"https:\\\/\\\/ecoleleseauxvives.fr\\\/#website\",\"url\":\"https:\\\/\\\/ecoleleseauxvives.fr\\\/\",\"name\":\"Ecole les Eaux Vives\",\"description\":\"Ecole priv\u00e9e maternelle et primaire \u00e0 Pont \u00c9v\u00eaque (38)\",\"publisher\":{\"@id\":\"https:\\\/\\\/ecoleleseauxvives.fr\\\/#organization\"},\"alternateName\":\"Ecole priv\u00e9e les eaux vives Pont \u00e9v\u00eaque\",\"potentialAction\":[{\"@type\":\"SearchAction\",\"target\":{\"@type\":\"EntryPoint\",\"urlTemplate\":\"https:\\\/\\\/ecoleleseauxvives.fr\\\/?s={search_term_string}\"},\"query-input\":{\"@type\":\"PropertyValueSpecification\",\"valueRequired\":true,\"valueName\":\"search_term_string\"}}],\"inLanguage\":\"fr-FR\"},{\"@type\":\"Organization\",\"@id\":\"https:\\\/\\\/ecoleleseauxvives.fr\\\/#organization\",\"name\":\"Ecole les Eaux Vives\",\"url\":\"https:\\\/\\\/ecoleleseauxvives.fr\\\/\",\"logo\":{\"@type\":\"ImageObject\",\"inLanguage\":\"fr-FR\",\"@id\":\"https:\\\/\\\/ecoleleseauxvives.fr\\\/#\\\/schema\\\/logo\\\/image\\\/\",\"url\":\"https:\\\/\\\/ecoleleseauxvives.fr\\\/wp-content\\\/uploads\\\/2024\\\/06\\\/logo-ecole.jpg\",\"contentUrl\":\"https:\\\/\\\/ecoleleseauxvives.fr\\\/wp-content\\\/uploads\\\/2024\\\/06\\\/logo-ecole.jpg\",\"width\":933,\"height\":933,\"caption\":\"Ecole les Eaux Vives\"},\"image\":{\"@id\":\"https:\\\/\\\/ecoleleseauxvives.fr\\\/#\\\/schema\\\/logo\\\/image\\\/\"}}]}<\/script>\n<!-- \/ Yoast SEO plugin. -->","yoast_head_json":{"title":"Portes Ouvertes - Ecole les Eaux Vives","robots":{"index":"index","follow":"follow","max-snippet":"max-snippet:-1","max-image-preview":"max-image-preview:large","max-video-preview":"max-video-preview:-1"},"canonical":"https:\/\/ecoleleseauxvives.fr\/index.php\/actualites\/portes-ouvertes\/","og_locale":"fr_FR","og_type":"article","og_title":"Portes Ouvertes - Ecole les Eaux Vives","og_description":"Les portes Ouvertes auront lieu samedi 25 Avril de 9h00 \u00e0 12h00 Continue reading","og_url":"https:\/\/ecoleleseauxvives.fr\/index.php\/actualites\/portes-ouvertes\/","og_site_name":"Ecole les Eaux Vives","article_modified_time":"2026-04-20T16:54:12+00:00","og_image":[{"width":1587,"height":2245,"url":"https:\/\/ecoleleseauxvives.fr\/wp-content\/uploads\/2026\/04\/Affiche-evenement-journee-portes-ouvertes-ecole-illustratif-1-1.png","type":"image\/png"}],"twitter_card":"summary_large_image","twitter_misc":{"Dur\u00e9e de lecture estim\u00e9e":"1 minute"},"schema":{"@context":"https:\/\/schema.org","@graph":[{"@type":"WebPage","@id":"https:\/\/ecoleleseauxvives.fr\/index.php\/actualites\/portes-ouvertes\/","url":"https:\/\/ecoleleseauxvives.fr\/index.php\/actualites\/portes-ouvertes\/","name":"Portes Ouvertes - Ecole les Eaux Vives","isPartOf":{"@id":"https:\/\/ecoleleseauxvives.fr\/#website"},"primaryImageOfPage":{"@id":"https:\/\/ecoleleseauxvives.fr\/index.php\/actualites\/portes-ouvertes\/#primaryimage"},"image":{"@id":"https:\/\/ecoleleseauxvives.fr\/index.php\/actualites\/portes-ouvertes\/#primaryimage"},"thumbnailUrl":"https:\/\/ecoleleseauxvives.fr\/wp-content\/uploads\/2026\/04\/Affiche-evenement-journee-portes-ouvertes-ecole-illustratif-1-1-724x1024.png","datePublished":"2026-04-20T16:24:24+00:00","dateModified":"2026-04-20T16:54:12+00:00","breadcrumb":{"@id":"https:\/\/ecoleleseauxvives.fr\/index.php\/actualites\/portes-ouvertes\/#breadcrumb"},"inLanguage":"fr-FR","potentialAction":[{"@type":"ReadAction","target":["https:\/\/ecoleleseauxvives.fr\/index.php\/actualites\/portes-ouvertes\/"]}]},{"@type":"ImageObject","inLanguage":"fr-FR","@id":"https:\/\/ecoleleseauxvives.fr\/index.php\/actualites\/portes-ouvertes\/#primaryimage","url":"https:\/\/ecoleleseauxvives.fr\/wp-content\/uploads\/2026\/04\/Affiche-evenement-journee-portes-ouvertes-ecole-illustratif-1-1.png","contentUrl":"https:\/\/ecoleleseauxvives.fr\/wp-content\/uploads\/2026\/04\/Affiche-evenement-journee-portes-ouvertes-ecole-illustratif-1-1.png","width":1587,"height":2245},{"@type":"BreadcrumbList","@id":"https:\/\/ecoleleseauxvives.fr\/index.php\/actualites\/portes-ouvertes\/#breadcrumb","itemListElement":[{"@type":"ListItem","position":1,"name":"Accueil","item":"https:\/\/ecoleleseauxvives.fr\/"},{"@type":"ListItem","position":2,"name":"Actualit\u00e9s","item":"https:\/\/ecoleleseauxvives.fr\/index.php\/actualites\/"},{"@type":"ListItem","position":3,"name":"Portes Ouvertes"}]},{"@type":"WebSite","@id":"https:\/\/ecoleleseauxvives.fr\/#website","url":"https:\/\/ecoleleseauxvives.fr\/","name":"Ecole les Eaux Vives","description":"Ecole priv\u00e9e maternelle et primaire \u00e0 Pont \u00c9v\u00eaque (38)","publisher":{"@id":"https:\/\/ecoleleseauxvives.fr\/#organization"},"alternateName":"Ecole priv\u00e9e les eaux vives Pont \u00e9v\u00eaque","potentialAction":[{"@type":"SearchAction","target":{"@type":"EntryPoint","urlTemplate":"https:\/\/ecoleleseauxvives.fr\/?s={search_term_string}"},"query-input":{"@type":"PropertyValueSpecification","valueRequired":true,"valueName":"search_term_string"}}],"inLanguage":"fr-FR"},{"@type":"Organization","@id":"https:\/\/ecoleleseauxvives.fr\/#organization","name":"Ecole les Eaux Vives","url":"https:\/\/ecoleleseauxvives.fr\/","logo":{"@type":"ImageObject","inLanguage":"fr-FR","@id":"https:\/\/ecoleleseauxvives.fr\/#\/schema\/logo\/image\/","url":"https:\/\/ecoleleseauxvives.fr\/wp-content\/uploads\/2024\/06\/logo-ecole.jpg","contentUrl":"https:\/\/ecoleleseauxvives.fr\/wp-content\/uploads\/2024\/06\/logo-ecole.jpg","width":933,"height":933,"caption":"Ecole les Eaux Vives"},"image":{"@id":"https:\/\/ecoleleseauxvives.fr\/#\/schema\/logo\/image\/"}}]}},"_links":{"self":[{"href":"https:\/\/ecoleleseauxvives.fr\/index.php\/wp-json\/wp\/v2\/pages\/388","targetHints":{"allow":["GET"]}}],"collection":[{"href":"https:\/\/ecoleleseauxvives.fr\/index.php\/wp-json\/wp\/v2\/pages"}],"about":[{"href":"https:\/\/ecoleleseauxvives.fr\/index.php\/wp-json\/wp\/v2\/types\/page"}],"author":[{"embeddable":true,"href":"https:\/\/ecoleleseauxvives.fr\/index.php\/wp-json\/wp\/v2\/users\/1"}],"replies":[{"embeddable":true,"href":"https:\/\/ecoleleseauxvives.fr\/index.php\/wp-json\/wp\/v2\/comments?post=388"}],"version-history":[{"count":2,"href":"https:\/\/ecoleleseauxvives.fr\/index.php\/wp-json\/wp\/v2\/pages\/388\/revisions"}],"predecessor-version":[{"id":399,"href":"https:\/\/ecoleleseauxvives.fr\/index.php\/wp-json\/wp\/v2\/pages\/388\/revisions\/399"}],"up":[{"embeddable":true,"href":"https:\/\/ecoleleseauxvives.fr\/index.php\/wp-json\/wp\/v2\/pages\/42"}],"wp:attachment":[{"href":"https:\/\/ecoleleseauxvives.fr\/index.php\/wp-json\/wp\/v2\/media?parent=388"}],"curies":[{"name":"wp","href":"https:\/\/api.w.org\/{rel}","templated":true}]}}